{"id":2442,"date":"2024-05-28T00:01:44","date_gmt":"2024-05-27T22:01:44","guid":{"rendered":"https:\/\/hadjimanoli.gr\/en\/product\/art-no-2525-lt-br-gt-proffesional-aluminium-umbrella-o2-50-2-50m\/"},"modified":"2026-04-22T02:02:13","modified_gmt":"2026-04-22T00:02:13","slug":"art-no-2525-lt-br-gt-proffesional-aluminium-umbrella-o2-50-2-50m","status":"publish","type":"product","link":"https:\/\/hadjimanoli.gr\/en\/product\/art-no-2525-lt-br-gt-proffesional-aluminium-umbrella-o2-50-2-50m\/","title":{"rendered":"Art No 2525  Proffesional Aluminium umbrella \u00d82,50*2,50m"},"content":{"rendered":"<p>Aluminium frame \u00d8250*250cm, 8 ribs 15*25mm, pole \u00d860mm*1,5mm ,with airvent, Pulley system, Fabric Polyester 300gr Waterproof and UPF 50+ PROFESSIONAL USE<\/p>\n","protected":false},"excerpt":{"rendered":"<p>Aluminium frame \u00d8250*250cm, 8 ribs 15*25mm, pole \u00d860mm*1,5mm ,with airvent, Pulley system, Fabric Polyester 300gr Waterproof and UPF 50+ PROFESSIONAL USE<\/p>\n","protected":false},"featured_media":625,"template":"","meta":[],"_links":{"self":[{"href":"https:\/\/hadjimanoli.gr\/en\/wp-json\/wp\/v2\/product\/2442"}],"collection":[{"href":"https:\/\/hadjimanoli.gr\/en\/wp-json\/wp\/v2\/product"}],"about":[{"href":"https:\/\/hadjimanoli.gr\/en\/wp-json\/wp\/v2\/types\/product"}],"wp:featuredmedia":[{"embeddable":true,"href":"https:\/\/hadjimanoli.gr\/en\/wp-json\/wp\/v2\/media\/625"}],"wp:attachment":[{"href":"https:\/\/hadjimanoli.gr\/en\/wp-json\/wp\/v2\/media?parent=2442"}],"curies":[{"name":"wp","href":"https:\/\/api.w.org\/{rel}","templated":true}]}}