{"id":2431,"date":"2024-05-28T00:01:25","date_gmt":"2024-05-27T22:01:25","guid":{"rendered":"https:\/\/hadjimanoli.gr\/en\/product\/art-no-6550-lt-br-gt-beach-umbrella-sunnybrella-o200cm-windproof\/"},"modified":"2026-04-22T02:02:08","modified_gmt":"2026-04-22T00:02:08","slug":"art-no-6550-lt-br-gt-beach-umbrella-sunnybrella-o200cm-windproof","status":"publish","type":"product","link":"https:\/\/hadjimanoli.gr\/en\/product\/art-no-6550-lt-br-gt-beach-umbrella-sunnybrella-o200cm-windproof\/","title":{"rendered":"Art No-6550  Beach umbrella Sunnybrella \u00d8200cm Windproof"},"content":{"rendered":"<p>Metallic frame Windproof \u00d8200cm, 8 ribs with fiberglass*5mm, 2 poles \u00d829\/32mm,with airvent, with tilt and with carry bag Fabric Oxford 210D and UPF 50+<\/p>\n","protected":false},"excerpt":{"rendered":"<p>Metallic frame Windproof \u00d8200cm, 8 ribs with fiberglass*5mm, 2 poles \u00d829\/32mm,with airvent, with tilt and with carry bag Fabric Oxford 210D and UPF 50+<\/p>\n","protected":false},"featured_media":1631,"template":"","meta":[],"_links":{"self":[{"href":"https:\/\/hadjimanoli.gr\/en\/wp-json\/wp\/v2\/product\/2431"}],"collection":[{"href":"https:\/\/hadjimanoli.gr\/en\/wp-json\/wp\/v2\/product"}],"about":[{"href":"https:\/\/hadjimanoli.gr\/en\/wp-json\/wp\/v2\/types\/product"}],"wp:featuredmedia":[{"embeddable":true,"href":"https:\/\/hadjimanoli.gr\/en\/wp-json\/wp\/v2\/media\/1631"}],"wp:attachment":[{"href":"https:\/\/hadjimanoli.gr\/en\/wp-json\/wp\/v2\/media?parent=2431"}],"curies":[{"name":"wp","href":"https:\/\/api.w.org\/{rel}","templated":true}]}}